{"id":4045,"date":"2016-08-18T11:37:31","date_gmt":"2016-08-18T11:37:31","guid":{"rendered":"http:\/\/www.evomontreal.com\/fr\/show-your-colors\/"},"modified":"2016-08-18T11:46:06","modified_gmt":"2016-08-18T11:46:06","slug":"montre-tes-couleurs","status":"publish","type":"page","link":"https:\/\/www.evomontreal.com\/fr\/montre-tes-couleurs\/","title":{"rendered":"Montre tes couleurs"},"content":{"rendered":"","protected":false},"excerpt":{"rendered":"","protected":false},"author":1,"featured_media":0,"parent":0,"menu_order":0,"comment_status":"closed","ping_status":"closed","template":"template-back-to-school-2016.php","meta":{"ngg_post_thumbnail":0,"footnotes":""},"class_list":["post-4045","page","type-page","status-publish","hentry"],"yoast_head":"<!-- This site is optimized with the Yoast SEO plugin v16.2 - https:\/\/yoast.com\/wordpress\/plugins\/seo\/ -->\n<meta name=\"description\" content=\"Gagne ton loyer pour l\u2019ann\u00e9e! Le gagnant sera d\u00e9voil\u00e9 sur notre page Facebook le 5 septembre 2016.\" \/>\n<meta name=\"robots\" content=\"index, follow, max-snippet:-1, max-image-preview:large, max-video-preview:-1\" \/>\n<link rel=\"canonical\" href=\"https:\/\/www.evomontreal.com\/fr\/montre-tes-couleurs\/\" \/>\n<meta property=\"og:locale\" content=\"fr_FR\" \/>\n<meta property=\"og:type\" content=\"article\" \/>\n<meta property=\"og:title\" content=\"Montre tes couleurs | Evo Montreal\" \/>\n<meta property=\"og:description\" content=\"Gagne ton loyer pour l\u2019ann\u00e9e! Le gagnant sera d\u00e9voil\u00e9 sur notre page Facebook le 5 septembre 2016.\" \/>\n<meta property=\"og:url\" content=\"https:\/\/www.evomontreal.com\/fr\/montre-tes-couleurs\/\" \/>\n<meta property=\"og:site_name\" content=\"Evo Montreal\" \/>\n<meta property=\"article:publisher\" content=\"https:\/\/www.facebook.com\/evomontreal\" \/>\n<meta property=\"article:modified_time\" content=\"2016-08-18T11:46:06+00:00\" \/>\n<meta property=\"og:image\" content=\"https:\/\/www.evomontreal.com\/wp-content\/uploads\/2015\/04\/evo-student-apartments.jpg\" \/>\n\t<meta property=\"og:image:width\" content=\"1280\" \/>\n\t<meta property=\"og:image:height\" content=\"647\" \/>\n<meta name=\"twitter:card\" content=\"summary_large_image\" \/>\n<meta name=\"twitter:site\" content=\"@evomontreal\" \/>\n<script type=\"application\/ld+json\" class=\"yoast-schema-graph\">{\"@context\":\"https:\/\/schema.org\",\"@graph\":[{\"@type\":\"WebSite\",\"@id\":\"https:\/\/www.evomontreal.com\/#website\",\"url\":\"https:\/\/www.evomontreal.com\/\",\"name\":\"Evo Montreal\",\"description\":\"\",\"potentialAction\":[{\"@type\":\"SearchAction\",\"target\":\"https:\/\/www.evomontreal.com\/?s={search_term_string}\",\"query-input\":\"required name=search_term_string\"}],\"inLanguage\":\"fr-FR\"},{\"@type\":\"WebPage\",\"@id\":\"https:\/\/www.evomontreal.com\/fr\/montre-tes-couleurs\/#webpage\",\"url\":\"https:\/\/www.evomontreal.com\/fr\/montre-tes-couleurs\/\",\"name\":\"Montre tes couleurs | Evo Montreal\",\"isPartOf\":{\"@id\":\"https:\/\/www.evomontreal.com\/#website\"},\"datePublished\":\"2016-08-18T11:37:31+00:00\",\"dateModified\":\"2016-08-18T11:46:06+00:00\",\"description\":\"Gagne ton loyer pour l\\u2019ann\\u00e9e! Le gagnant sera d\\u00e9voil\\u00e9 sur notre page Facebook le 5 septembre 2016.\",\"breadcrumb\":{\"@id\":\"https:\/\/www.evomontreal.com\/fr\/montre-tes-couleurs\/#breadcrumb\"},\"inLanguage\":\"fr-FR\",\"potentialAction\":[{\"@type\":\"ReadAction\",\"target\":[\"https:\/\/www.evomontreal.com\/fr\/montre-tes-couleurs\/\"]}]},{\"@type\":\"BreadcrumbList\",\"@id\":\"https:\/\/www.evomontreal.com\/fr\/montre-tes-couleurs\/#breadcrumb\",\"itemListElement\":[{\"@type\":\"ListItem\",\"position\":1,\"item\":{\"@type\":\"WebPage\",\"@id\":\"https:\/\/www.evomontreal.com\/fr\/home\/\",\"url\":\"https:\/\/www.evomontreal.com\/fr\/home\/\",\"name\":\"Home\"}},{\"@type\":\"ListItem\",\"position\":2,\"item\":{\"@id\":\"https:\/\/www.evomontreal.com\/fr\/montre-tes-couleurs\/#webpage\"}}]}]}<\/script>\n<!-- \/ Yoast SEO plugin. -->","_links":{"self":[{"href":"https:\/\/www.evomontreal.com\/fr\/wp-json\/wp\/v2\/pages\/4045\/"}],"collection":[{"href":"https:\/\/www.evomontreal.com\/fr\/wp-json\/wp\/v2\/pages\/"}],"about":[{"href":"https:\/\/www.evomontreal.com\/fr\/wp-json\/wp\/v2\/types\/page\/"}],"author":[{"embeddable":true,"href":"https:\/\/www.evomontreal.com\/fr\/wp-json\/wp\/v2\/users\/1\/"}],"replies":[{"embeddable":true,"href":"https:\/\/www.evomontreal.com\/fr\/wp-json\/wp\/v2\/comments\/?post=4045"}],"version-history":[{"count":0,"href":"https:\/\/www.evomontreal.com\/fr\/wp-json\/wp\/v2\/pages\/4045\/revisions\/"}],"wp:attachment":[{"href":"https:\/\/www.evomontreal.com\/fr\/wp-json\/wp\/v2\/media\/?parent=4045"}],"curies":[{"name":"wp","href":"https:\/\/api.w.org\/{rel}","templated":true}]}}