{"id":291,"date":"2015-04-17T04:19:44","date_gmt":"2015-04-17T04:19:44","guid":{"rendered":"http:\/\/www.evomontreal.com\/evo-student-housing-montreal-2\/"},"modified":"2023-10-18T17:22:04","modified_gmt":"2023-10-18T17:22:04","slug":"evo-montreal","status":"publish","type":"page","link":"https:\/\/www.evomontreal.com\/fr\/evo-montreal\/","title":{"rendered":"\u00c0 propos de nous"},"content":{"rendered":"<p>R\u00e9sidence unique en son genre qui accueille des milliers d\u2019\u00e9tudiants provenant de diff\u00e9rents pays et cultures, evo est un pionnier dans le secteur et se donne comme mission d\u2019encourager ses locataires \u00e0 sortir des sentiers battus.<\/p>\n<p>Il s\u2019agit d\u2019un concept r\u00e9volutionnaire qui procure \u00e0 nos locataires un environnement dynamique et s\u00fbr, administr\u00e9 par une \u00e9quipe de professionnels du milieu. Notre souhait : que chacun trouve en evo un second chez soi et puisse se concentrer sur sa r\u00e9ussite universitaire en toute tranquillit\u00e9 d\u2019esprit.<\/p>\n<p>Qu\u2019ils soient agents de s\u00e9curit\u00e9 ou conseillers aux r\u00e9sidents, tous les membres de notre \u00e9quipe ont le m\u00eame objectif : encourager et orienter nos locataires pour qu\u2019ils profitent de leurs parcours acad\u00e9miques au maximum.<\/p>\n","protected":false},"excerpt":{"rendered":"<p>R\u00e9sidence unique en son genre qui accueille des milliers d\u2019\u00e9tudiants provenant de diff\u00e9rents pays et cultures, evo est un pionnier dans le secteur et se donne comme mission d\u2019encourager ses locataires \u00e0 sortir des sentiers battus. Il s\u2019agit d\u2019un concept r\u00e9volutionnaire qui procure \u00e0 nos locataires un environnement dynamique et s\u00fbr, administr\u00e9 par une \u00e9quipe [&hellip;]<\/p>\n","protected":false},"author":1,"featured_media":0,"parent":0,"menu_order":0,"comment_status":"closed","ping_status":"closed","template":"","meta":{"ngg_post_thumbnail":0,"footnotes":""},"class_list":["post-291","page","type-page","status-publish","hentry"],"yoast_head":"<!-- This site is optimized with the Yoast SEO plugin v16.2 - https:\/\/yoast.com\/wordpress\/plugins\/seo\/ -->\n<meta name=\"description\" content=\"D\u00e9couvrez Evo, nouvelle g\u00e9n\u00e9ration de r\u00e9sidence universitaire, qui propose des appartements luxueux en location \u00e0 des formules tout inclus.\" \/>\n<meta name=\"robots\" content=\"index, follow, max-snippet:-1, max-image-preview:large, max-video-preview:-1\" \/>\n<link rel=\"canonical\" href=\"https:\/\/www.evomontreal.com\/fr\/evo-montreal\/\" \/>\n<meta property=\"og:locale\" content=\"fr_FR\" \/>\n<meta property=\"og:type\" content=\"article\" \/>\n<meta property=\"og:title\" content=\"Evo r\u00e9sidences \u00e9tudiantes dans le centre-ville | Evo Montreal\" \/>\n<meta property=\"og:description\" content=\"D\u00e9couvrez Evo, nouvelle g\u00e9n\u00e9ration de r\u00e9sidence universitaire, qui propose des appartements luxueux en location \u00e0 des formules tout inclus.\" \/>\n<meta property=\"og:url\" content=\"https:\/\/www.evomontreal.com\/fr\/evo-montreal\/\" \/>\n<meta property=\"og:site_name\" content=\"Evo Montreal\" \/>\n<meta property=\"article:publisher\" content=\"https:\/\/www.facebook.com\/evomontreal\" \/>\n<meta property=\"article:modified_time\" content=\"2023-10-18T17:22:04+00:00\" \/>\n<meta property=\"og:image\" content=\"https:\/\/www.evomontreal.com\/wp-content\/uploads\/2015\/04\/evo-student-apartments.jpg\" \/>\n\t<meta property=\"og:image:width\" content=\"1280\" \/>\n\t<meta property=\"og:image:height\" content=\"647\" \/>\n<meta name=\"twitter:card\" content=\"summary_large_image\" \/>\n<meta name=\"twitter:site\" content=\"@evomontreal\" \/>\n<meta name=\"twitter:label1\" content=\"Dur\u00e9e de lecture est.\">\n\t<meta name=\"twitter:data1\" content=\"1 minute\">\n<script type=\"application\/ld+json\" class=\"yoast-schema-graph\">{\"@context\":\"https:\/\/schema.org\",\"@graph\":[{\"@type\":\"WebSite\",\"@id\":\"https:\/\/www.evomontreal.com\/#website\",\"url\":\"https:\/\/www.evomontreal.com\/\",\"name\":\"Evo Montreal\",\"description\":\"\",\"potentialAction\":[{\"@type\":\"SearchAction\",\"target\":\"https:\/\/www.evomontreal.com\/?s={search_term_string}\",\"query-input\":\"required name=search_term_string\"}],\"inLanguage\":\"fr-FR\"},{\"@type\":\"WebPage\",\"@id\":\"https:\/\/www.evomontreal.com\/fr\/evo-montreal\/#webpage\",\"url\":\"https:\/\/www.evomontreal.com\/fr\/evo-montreal\/\",\"name\":\"Evo r\\u00e9sidences \\u00e9tudiantes dans le centre-ville | Evo Montreal\",\"isPartOf\":{\"@id\":\"https:\/\/www.evomontreal.com\/#website\"},\"datePublished\":\"2015-04-17T04:19:44+00:00\",\"dateModified\":\"2023-10-18T17:22:04+00:00\",\"description\":\"D\\u00e9couvrez Evo, nouvelle g\\u00e9n\\u00e9ration de r\\u00e9sidence universitaire, qui propose des appartements luxueux en location \\u00e0 des formules tout inclus.\",\"breadcrumb\":{\"@id\":\"https:\/\/www.evomontreal.com\/fr\/evo-montreal\/#breadcrumb\"},\"inLanguage\":\"fr-FR\",\"potentialAction\":[{\"@type\":\"ReadAction\",\"target\":[\"https:\/\/www.evomontreal.com\/fr\/evo-montreal\/\"]}]},{\"@type\":\"BreadcrumbList\",\"@id\":\"https:\/\/www.evomontreal.com\/fr\/evo-montreal\/#breadcrumb\",\"itemListElement\":[{\"@type\":\"ListItem\",\"position\":1,\"item\":{\"@type\":\"WebPage\",\"@id\":\"https:\/\/www.evomontreal.com\/fr\/home\/\",\"url\":\"https:\/\/www.evomontreal.com\/fr\/home\/\",\"name\":\"Home\"}},{\"@type\":\"ListItem\",\"position\":2,\"item\":{\"@id\":\"https:\/\/www.evomontreal.com\/fr\/evo-montreal\/#webpage\"}}]}]}<\/script>\n<!-- \/ Yoast SEO plugin. -->","_links":{"self":[{"href":"https:\/\/www.evomontreal.com\/fr\/wp-json\/wp\/v2\/pages\/291\/"}],"collection":[{"href":"https:\/\/www.evomontreal.com\/fr\/wp-json\/wp\/v2\/pages\/"}],"about":[{"href":"https:\/\/www.evomontreal.com\/fr\/wp-json\/wp\/v2\/types\/page\/"}],"author":[{"embeddable":true,"href":"https:\/\/www.evomontreal.com\/fr\/wp-json\/wp\/v2\/users\/1\/"}],"replies":[{"embeddable":true,"href":"https:\/\/www.evomontreal.com\/fr\/wp-json\/wp\/v2\/comments\/?post=291"}],"version-history":[{"count":0,"href":"https:\/\/www.evomontreal.com\/fr\/wp-json\/wp\/v2\/pages\/291\/revisions\/"}],"wp:attachment":[{"href":"https:\/\/www.evomontreal.com\/fr\/wp-json\/wp\/v2\/media\/?parent=291"}],"curies":[{"name":"wp","href":"https:\/\/api.w.org\/{rel}","templated":true}]}}