{"id":290,"date":"2015-04-17T04:19:52","date_gmt":"2015-04-17T04:19:52","guid":{"rendered":"http:\/\/www.evomontreal.com\/faq-student-housing-university-residence-2\/"},"modified":"2025-08-07T14:51:15","modified_gmt":"2025-08-07T14:51:15","slug":"faq-location-residences-etudiantes","status":"publish","type":"page","link":"https:\/\/www.evomontreal.com\/fr\/faq-location-residences-etudiantes\/","title":{"rendered":"FAQ"},"content":{"rendered":"<h4>La s\u00e9curit\u00e9 est-elle assur\u00e9e?<\/h4>\n<p>Oui, des agents de s\u00e9curit\u00e9 surveillent les lieux 24 heures sur 24, sept jours sur sept, et nous disposons aussi d\u2019un syst\u00e8me de vid\u00e9o surveillance des espaces communs, et d\u2019un acc\u00e8s par carte magn\u00e9tique.<\/p>\n<h4>Est-ce que chaque \u00e9tage a une cuisine?<\/h4>\n<p>Oui, notre r\u00e9sidence dispose de cuisines communes par \u00e9tage, toutes \u00e9quip\u00e9es de cuisini\u00e8res, fours et micro-ondes.<\/p>\n<h4>Je n\u2019ai pas de colocataire. Pouvez-vous en trouver un pour moi? Quelle est la marche \u00e0 suivre?<\/h4>\n<p>Si tu n&#8217;as pas encore de colocataire avec qui signer, on te mettra en jumelage avec quelqu&#8217;un d&#8217;autre au hasard (toujours quelqu&#8217;un du m\u00eame sexe).<\/p>\n<h4>\u00c0 quelle distance se situe la r\u00e9sidence du campus?<\/h4>\n<p>Tout d\u00e9pend de ton \u00e9tablissement d\u2019enseignement que tu as choisi. Notre r\u00e9sidence se trouve \u00e0 distance de marche de l\u2019Universit\u00e9 McGill, de l\u2019Universit\u00e9 Concordia et de l\u2019\u00c9TS, et \u00e0 moins de 25-30 minutes en transport en commun de l\u2019Universit\u00e9 de Montr\u00e9al (HEC Montr\u00e9al, Polytechnique), l&#8217;UQAM, et Coll\u00e8ge LaSalle.<\/p>\n<h4>Que dois-je faire pour demander une chambre?<\/h4>\n<p>Remplis un formulaire de bail type du Qu\u00e9bec (tous les documents relatifs \u00e0 la location peuvent t&#8217;\u00eatre envoy\u00e9s par e-mail), fournis les documents requis (pi\u00e8ce d&#8217;identit\u00e9, justificatif de revenus), paie ton premier mois de loyer puis bingo, tu es pr\u00eat \u00e0 emm\u00e9nager!<\/p>\n<h4>Quelles sont les modalit\u00e9s de location?<\/h4>\n<p>La dur\u00e9e du bail d\u00e9pendra de la saison, mais nous exigeons g\u00e9n\u00e9ralement un minimum de 4 mois (maximum 12 mois). Nous acceptons parfois des s\u00e9jours plus courts (minimum 1 mois) en fonction des disponibilit\u00e9s.<\/p>\n<h4>Quelle cat\u00e9gorie de chambres offrez-vous?<\/h4>\n<p>Notre r\u00e9sidence propose des chambres simples et doubles, avec plusieurs options d&#8217;am\u00e9nagement.<\/p>\n<h4>Qu\u2019est-ce que \u00e7a comprend?<\/h4>\n<p>En tant que locataire, voici ce que comprend ta chambre meubl\u00e9e : toutes les commodit\u00e9s, et le WiFi haute vitesse, ainsi que l\u2019acc\u00e8s \u00e0 la salle de jeu, au gym, la salle d\u2019\u00e9tude, \u00e0 la piscine, la buanderie, et des espaces communs, etc.<\/p>\n<h4>Est-ce que j\u2019ai le droit de recevoir des invit\u00e9s?<\/h4>\n<p>Oui! N\u2019h\u00e9site pas \u00e0 demander \u00e0 l\u2019un des membres de notre \u00e9quipe pour plus de d\u00e9tails.<\/p>\n<h4>Est-ce que les animaux sont admis?<\/h4>\n<p>Malheureusement, non.<\/p>\n<h4>Est-ce que j\u2019ai le droit de fumer?<\/h4>\n<p>Il est interdit de fumer dans les chambres et dans les espaces communs de la r\u00e9sidence.<\/p>\n<h4>Quels modes de paiement acceptez-vous?<\/h4>\n<p>Nous acceptons l\u2019argent comptant, les ch\u00e8ques, les cartes de cr\u00e9dit et de d\u00e9bit ainsi que les virements.<\/p>\n<h4>Que se passe-t-il si je souhaite partir avant la fin de mon bail ou si je souhaite r\u00e9silier mon contrat?<\/h4>\n<p>Il est important de noter qu&#8217;une fois ton contrat de location sign\u00e9 et le premier mois pay\u00e9, on ne peut plus annuler ni rembourser, et tu restes responsable pour toute la dur\u00e9e du bail que t&#8217;as sign\u00e9. Les locataires qui veulent mettre fin \u00e0 leur bail plus t\u00f4t sont encourag\u00e9s \u00e0 trouver quelqu&#8217;un pour transf\u00e9rer leur bail.<\/p>\n<h4>Un bail individuel, qu\u2019est-ce que \u00e7a veut dire?<\/h4>\n<p>Avoir un bail individuel signifie que chaque r\u00e9sident est responsable de sa propre portion de la chambre qu\u2019il occupe. Autrement dit, si ton colocataire ne renouv\u00e8le pas son bail, tu ne seras pas tenu responsable de son paiement.<\/p>\n<h4>\u00c0 quel moment dois-je payer mon loyer mensuel?<\/h4>\n<p>Les loyers sont dus&nbsp;\u00e0 chaque 1er du mois.<\/p>\n<h4>Est-ce que les assurances d\u2019evo couvrent mes effets personnels en cas de feu, vol ou causes naturelles?<\/h4>\n<p>Nos assurances ne couvrent pas les effets personnels de nos r\u00e9sidents. Nous te recommandons donc de prendre une assurance personnelle.<\/p>\n<h4>Comment fonctionne la r\u00e9ception de courrier ou de paquets?<\/h4>\n<p>Ton courrier sera post\u00e9 dans ta bo\u00eete aux lettres. Si un paquet est trop volumineux et qu\u2019il ne requiert pas de signature, nous le garderons pour toi au comptoir d\u2019accueil. Veillez \u00e0 toujours indiquer ton num\u00e9ro de chambre lorsque tu commandes quelque chose, afin d&#8217;\u00e9viter toute perte potentielle.<\/p>\n<h4>Comment pourrai-je demander de l\u2019aide si quelque chose ne fonctionne pas dans ma chambre?<\/h4>\n<p>Tu n\u2019as qu\u2019\u00e0 avertir un membre de notre \u00e9quipe \u00e0 la r\u00e9ception et il contactera notre d\u00e9partement de maintenance en ton nom.<\/p>\n<h4>Que dois-je amener dans ma chambre?<\/h4>\n<p>La literie pour ton type de lit, un tapis et un rideau de douche, tes effets de salle de bain et d&#8217;autres effets personnels ainsi que tes articles de cuisine. Un peu de d\u00e9co si le coeur t\u2019en dit!<\/p>\n","protected":false},"excerpt":{"rendered":"<p>La s\u00e9curit\u00e9 est-elle assur\u00e9e? Oui, des agents de s\u00e9curit\u00e9 surveillent les lieux 24 heures sur 24, sept jours sur sept, et nous disposons aussi d\u2019un syst\u00e8me de vid\u00e9o surveillance des espaces communs, et d\u2019un acc\u00e8s par carte magn\u00e9tique. Est-ce que chaque \u00e9tage a une cuisine? Oui, notre r\u00e9sidence dispose de cuisines communes par \u00e9tage, toutes [&hellip;]<\/p>\n","protected":false},"author":1,"featured_media":0,"parent":0,"menu_order":0,"comment_status":"open","ping_status":"closed","template":"","meta":{"ngg_post_thumbnail":0,"footnotes":""},"class_list":["post-290","page","type-page","status-publish","hentry"],"yoast_head":"<!-- This site is optimized with the Yoast SEO plugin v16.2 - https:\/\/yoast.com\/wordpress\/plugins\/seo\/ -->\n<meta name=\"description\" content=\"Trouvez r\u00e9ponse \u00e0 toutes vos questions sur la location de logement pour \u00e9tudiant en r\u00e9sidence universitaire.\" \/>\n<meta name=\"robots\" content=\"index, follow, max-snippet:-1, max-image-preview:large, max-video-preview:-1\" \/>\n<link rel=\"canonical\" href=\"https:\/\/www.evomontreal.com\/fr\/faq-location-residences-etudiantes\/\" \/>\n<meta property=\"og:locale\" content=\"fr_FR\" \/>\n<meta property=\"og:type\" content=\"article\" \/>\n<meta property=\"og:title\" content=\"FAQ - Location de logement en r\u00e9sidence universitaire | Evo Montr\u00e9al\" \/>\n<meta property=\"og:description\" content=\"Trouvez r\u00e9ponse \u00e0 toutes vos questions sur la location de logement pour \u00e9tudiant en r\u00e9sidence universitaire.\" \/>\n<meta property=\"og:url\" content=\"https:\/\/www.evomontreal.com\/fr\/faq-location-residences-etudiantes\/\" \/>\n<meta property=\"og:site_name\" content=\"Evo Montreal\" \/>\n<meta property=\"article:publisher\" content=\"https:\/\/www.facebook.com\/evomontreal\" \/>\n<meta property=\"article:modified_time\" content=\"2025-08-07T14:51:15+00:00\" \/>\n<meta property=\"og:image\" content=\"https:\/\/www.evomontreal.com\/wp-content\/uploads\/2015\/04\/evo-student-apartments.jpg\" \/>\n\t<meta property=\"og:image:width\" content=\"1280\" \/>\n\t<meta property=\"og:image:height\" content=\"647\" \/>\n<meta name=\"twitter:card\" content=\"summary_large_image\" \/>\n<meta name=\"twitter:site\" content=\"@evomontreal\" \/>\n<meta name=\"twitter:label1\" content=\"Dur\u00e9e de lecture est.\">\n\t<meta name=\"twitter:data1\" content=\"3 minutes\">\n<script type=\"application\/ld+json\" class=\"yoast-schema-graph\">{\"@context\":\"https:\/\/schema.org\",\"@graph\":[{\"@type\":\"WebSite\",\"@id\":\"https:\/\/www.evomontreal.com\/#website\",\"url\":\"https:\/\/www.evomontreal.com\/\",\"name\":\"Evo Montreal\",\"description\":\"\",\"potentialAction\":[{\"@type\":\"SearchAction\",\"target\":\"https:\/\/www.evomontreal.com\/?s={search_term_string}\",\"query-input\":\"required name=search_term_string\"}],\"inLanguage\":\"fr-FR\"},{\"@type\":\"WebPage\",\"@id\":\"https:\/\/www.evomontreal.com\/fr\/faq-location-residences-etudiantes\/#webpage\",\"url\":\"https:\/\/www.evomontreal.com\/fr\/faq-location-residences-etudiantes\/\",\"name\":\"FAQ - Location de logement en r\\u00e9sidence universitaire | Evo Montr\\u00e9al\",\"isPartOf\":{\"@id\":\"https:\/\/www.evomontreal.com\/#website\"},\"datePublished\":\"2015-04-17T04:19:52+00:00\",\"dateModified\":\"2025-08-07T14:51:15+00:00\",\"description\":\"Trouvez r\\u00e9ponse \\u00e0 toutes vos questions sur la location de logement pour \\u00e9tudiant en r\\u00e9sidence universitaire.\",\"breadcrumb\":{\"@id\":\"https:\/\/www.evomontreal.com\/fr\/faq-location-residences-etudiantes\/#breadcrumb\"},\"inLanguage\":\"fr-FR\",\"potentialAction\":[{\"@type\":\"ReadAction\",\"target\":[\"https:\/\/www.evomontreal.com\/fr\/faq-location-residences-etudiantes\/\"]}]},{\"@type\":\"BreadcrumbList\",\"@id\":\"https:\/\/www.evomontreal.com\/fr\/faq-location-residences-etudiantes\/#breadcrumb\",\"itemListElement\":[{\"@type\":\"ListItem\",\"position\":1,\"item\":{\"@type\":\"WebPage\",\"@id\":\"https:\/\/www.evomontreal.com\/fr\/home\/\",\"url\":\"https:\/\/www.evomontreal.com\/fr\/home\/\",\"name\":\"Home\"}},{\"@type\":\"ListItem\",\"position\":2,\"item\":{\"@id\":\"https:\/\/www.evomontreal.com\/fr\/faq-location-residences-etudiantes\/#webpage\"}}]}]}<\/script>\n<!-- \/ Yoast SEO plugin. -->","_links":{"self":[{"href":"https:\/\/www.evomontreal.com\/fr\/wp-json\/wp\/v2\/pages\/290\/"}],"collection":[{"href":"https:\/\/www.evomontreal.com\/fr\/wp-json\/wp\/v2\/pages\/"}],"about":[{"href":"https:\/\/www.evomontreal.com\/fr\/wp-json\/wp\/v2\/types\/page\/"}],"author":[{"embeddable":true,"href":"https:\/\/www.evomontreal.com\/fr\/wp-json\/wp\/v2\/users\/1\/"}],"replies":[{"embeddable":true,"href":"https:\/\/www.evomontreal.com\/fr\/wp-json\/wp\/v2\/comments\/?post=290"}],"version-history":[{"count":0,"href":"https:\/\/www.evomontreal.com\/fr\/wp-json\/wp\/v2\/pages\/290\/revisions\/"}],"wp:attachment":[{"href":"https:\/\/www.evomontreal.com\/fr\/wp-json\/wp\/v2\/media\/?parent=290"}],"curies":[{"name":"wp","href":"https:\/\/api.w.org\/{rel}","templated":true}]}}